{"id":5351,"date":"2023-01-30T16:17:53","date_gmt":"2023-01-30T16:17:53","guid":{"rendered":"https:\/\/contardorepuestos.cl\/?post_type=product&#038;p=5351"},"modified":"2023-01-30T16:17:53","modified_gmt":"2023-01-30T16:17:53","slug":"aceite-de-motor-royal-purple-hps-5w30","status":"publish","type":"product","link":"https:\/\/contardorepuestos.cl\/index.php\/product\/aceite-de-motor-royal-purple-hps-5w30\/","title":{"rendered":"Aceite de motor Royal Purple hps 5w30"},"content":{"rendered":"<p>Lubricante de alto desempe\u00f1o . Royal Purple ha desarrollado un lubricante cumpliendo las bases de la API ( American Petroleum Institute ), pensado especialmente para aquellos entusiastas que buscan cuidar su veh\u00edculo con lo mejor que hay en el mercado, cuenta con tecnolog\u00eda de alto desempe\u00f1o que optimiza la performance de tu motor tanto en potencia como en consumo de combustible. Royal Purple ha desarrollado este lubricante cumpliendo las normas API, ILSAC para motores de combusti\u00f3n interna e inclusive cumpliendo la norma Dexos 1 y 2 Royal Purple genera la mejor protecci\u00f3n anti desgaste del mercado, demostrado en cada una de las pruebas contra sus competidores. Royal Purple adem\u00e1s mejora el desempe\u00f1o de tu motor, dado que al existir una menor fricci\u00f3n, hay un menor gasto de combustible al momento de generar movimiento interno en las piezas de tu motor, lo que a su vez, prolonga la vida de este. Royal Purple tiene compatibilidad con combustibles ex\u00f3ticos como ; Ethanol, Methanol y otros Royal Purple cuenta con una mayor protecci\u00f3n contra la corrosi\u00f3n, generando una protecci\u00f3n duradera a lo largo de la vida de tu motor Los aditivos especiales de Lubricantes Royal Purple y su formula patentada Synerlec, incrementan la protecci\u00f3n ante LSPI ( low speed pre ignition, o pre encendido a baja velocidad, conocida como detonaci\u00f3n ), desarrollada para veh\u00edculos turbo alimentados, sobre alimentados o veh\u00edculos de alta compresi\u00f3n modernos. Existen varias series de lubricantes Royal Purple, cada una dise\u00f1ada con un objetivo distinto, Serie SAE, Serie HPS, Serie XPR y otras. Esta publicaci\u00f3n corresponde a la Serie: HPS ( High Performance Street, para veh\u00edculos con motores de alto desempe\u00f1o de uso diario )<\/p>\n","protected":false},"excerpt":{"rendered":"<p>Los aceites de motor Royal Purple de la serie HPS son formulados espec\u00edficamente para maximizar el rendimiento y cumplir las demandas de motores modificados y de alto rendimiento. La mezcla \u00fanica permite a Royal Purple HPS superar el rendimiento de otros lubricantes sint\u00e9ticos y convencionales tanto para motores a gasolina como diesel.<\/p>\n","protected":false},"featured_media":5352,"comment_status":"open","ping_status":"closed","template":"","meta":[],"product_cat":[15,225,226,227],"product_tag":[],"class_list":["post-5351","product","type-product","status-publish","has-post-thumbnail","hentry","product_cat-accesorios","product_cat-aceite-motor","product_cat-baterias","product_cat-filtro-moto"],"acf":[],"_links":{"self":[{"href":"https:\/\/contardorepuestos.cl\/index.php\/wp-json\/wp\/v2\/product\/5351","targetHints":{"allow":["GET"]}}],"collection":[{"href":"https:\/\/contardorepuestos.cl\/index.php\/wp-json\/wp\/v2\/product"}],"about":[{"href":"https:\/\/contardorepuestos.cl\/index.php\/wp-json\/wp\/v2\/types\/product"}],"replies":[{"embeddable":true,"href":"https:\/\/contardorepuestos.cl\/index.php\/wp-json\/wp\/v2\/comments?post=5351"}],"wp:featuredmedia":[{"embeddable":true,"href":"https:\/\/contardorepuestos.cl\/index.php\/wp-json\/wp\/v2\/media\/5352"}],"wp:attachment":[{"href":"https:\/\/contardorepuestos.cl\/index.php\/wp-json\/wp\/v2\/media?parent=5351"}],"wp:term":[{"taxonomy":"product_cat","embeddable":true,"href":"https:\/\/contardorepuestos.cl\/index.php\/wp-json\/wp\/v2\/product_cat?post=5351"},{"taxonomy":"product_tag","embeddable":true,"href":"https:\/\/contardorepuestos.cl\/index.php\/wp-json\/wp\/v2\/product_tag?post=5351"}],"curies":[{"name":"wp","href":"https:\/\/api.w.org\/{rel}","templated":true}]}}