{"id":5365,"date":"2023-01-30T18:31:58","date_gmt":"2023-01-30T18:31:58","guid":{"rendered":"https:\/\/contardorepuestos.cl\/?post_type=product&#038;p=5365"},"modified":"2023-02-08T18:44:31","modified_gmt":"2023-02-08T18:44:31","slug":"ravenol-rss-10w60-racing-usvo-5-litros-aleman","status":"publish","type":"product","link":"https:\/\/contardorepuestos.cl\/index.php\/product\/ravenol-rss-10w60-racing-usvo-5-litros-aleman\/","title":{"rendered":"Ravenol Rss 10w60 Racing Usvo 5 Litros \/ Alem\u00e1n"},"content":{"rendered":"<p>La tecnolog\u00eda USVO\u00ae ofrece un mayor rendimiento, una protecci\u00f3n mejorada del motor, un menor consumo de combustible y una limpieza optimizada del motor para su veh\u00edculo. La mezcla especial de aceites base sint\u00e9ticos, altamente polares del Grupo V con una gran proporci\u00f3n de PAO de alta y baja viscosidad permiti\u00f3 prescindir del uso de mejoradores del \u00edndice de viscosidad.<\/p>\n<p>Debido a su alto \u00edndice de viscosidad, su alto valor HTHS, la extrema estabilidad al cizallamiento asociada y un nuevo tipo especial altamente efectivo de aditivos con molibdeno y tungsteno, RAVENOL RSS SAE 10W-60 tambi\u00e9n es adecuado para una conducci\u00f3n extremadamente deportiva.<\/p>\n<p>RAVENOL RSS SAE 10W-60 utiliza las propiedades positivas del molibdeno y el tungsteno, que suavizan enormemente la estructura de la superficie del motor, reduciendo as\u00ed la fricci\u00f3n y el desgaste y mejorando significativamente la eficiencia mec\u00e1nica.<\/p>\n<p>Gracias a su f\u00f3rmula \u00fanica, RAVENOL RSS SAE 10W-60 consigue una capa lubricante segura incluso a temperaturas de funcionamiento muy elevadas, protecci\u00f3n contra la corrosi\u00f3n (oxidaci\u00f3n) y la formaci\u00f3n de espuma.<\/p>\n<p>NOTA DE APLICACI\u00d3N<br \/>\nRAVENOL RSS SAE 10W-60 se utiliza como aceite especial para carreras de coches en las \u00e1reas de aplicaci\u00f3n especificadas, incluso en las condiciones m\u00e1s dif\u00edciles.<\/p>\n<p>PROPIEDADES<br \/>\nRAVENOL RSS SAE 10W-60 ofrece:<\/p>\n<p>Aceite de motor totalmente sint\u00e9tico de \u00faltima generaci\u00f3n con aditivos especiales de molibdeno y tungsteno para uso en carreras<br \/>\nUna capa lubricante segura a temperaturas de funcionamiento muy altas<br \/>\nAlto valor HTHS, extrema estabilidad al cizallamiento<br \/>\nComportamiento de viscosidad muy estable y excelente<br \/>\nTendencia muy baja a evaporarse<br \/>\nMuy buenas propiedades de arranque en fr\u00edo<br \/>\nMuy buenas propiedades detergentes y dispersantes<br \/>\nProtecci\u00f3n contra el desgaste, la corrosi\u00f3n y la formaci\u00f3n de espuma.<br \/>\nVISCOSIDAD<br \/>\n10W-60<br \/>\nESPECIFICACIONES<br \/>\nMAESTROS ADAC GT<br \/>\nCAMPEONATO DE EUROPA FIA F3<br \/>\nOPEL MOTORSPORT<br \/>\nM\u00c9TODO DE FABRICACI\u00d3N<br \/>\nCOMPLETAMENTE SINTETICO<\/p>\n","protected":false},"excerpt":{"rendered":"<p>RAVENOL RSS SAE 10W-60 es un aceite de motor multigrado de baja fricci\u00f3n totalmente sint\u00e9tico y moderno basado en PAO (polialfaolefina) con tecnolog\u00eda especial USVO\u00ae.<\/p>\n<p>RAVENOL RSS SAE 10W-60 es ideal para motores de gasolina modernos en carreras de coches, incluso bajo las cargas m\u00e1s pesadas.<\/p>\n","protected":false},"featured_media":5366,"comment_status":"open","ping_status":"closed","template":"","meta":[],"product_cat":[15,225,226,227],"product_tag":[],"class_list":["post-5365","product","type-product","status-publish","has-post-thumbnail","hentry","product_cat-accesorios","product_cat-aceite-motor","product_cat-baterias","product_cat-filtro-moto"],"acf":[],"_links":{"self":[{"href":"https:\/\/contardorepuestos.cl\/index.php\/wp-json\/wp\/v2\/product\/5365","targetHints":{"allow":["GET"]}}],"collection":[{"href":"https:\/\/contardorepuestos.cl\/index.php\/wp-json\/wp\/v2\/product"}],"about":[{"href":"https:\/\/contardorepuestos.cl\/index.php\/wp-json\/wp\/v2\/types\/product"}],"replies":[{"embeddable":true,"href":"https:\/\/contardorepuestos.cl\/index.php\/wp-json\/wp\/v2\/comments?post=5365"}],"wp:featuredmedia":[{"embeddable":true,"href":"https:\/\/contardorepuestos.cl\/index.php\/wp-json\/wp\/v2\/media\/5366"}],"wp:attachment":[{"href":"https:\/\/contardorepuestos.cl\/index.php\/wp-json\/wp\/v2\/media?parent=5365"}],"wp:term":[{"taxonomy":"product_cat","embeddable":true,"href":"https:\/\/contardorepuestos.cl\/index.php\/wp-json\/wp\/v2\/product_cat?post=5365"},{"taxonomy":"product_tag","embeddable":true,"href":"https:\/\/contardorepuestos.cl\/index.php\/wp-json\/wp\/v2\/product_tag?post=5365"}],"curies":[{"name":"wp","href":"https:\/\/api.w.org\/{rel}","templated":true}]}}